{"id":553,"date":"2017-11-15T23:42:42","date_gmt":"2017-11-15T22:42:42","guid":{"rendered":"https:\/\/sorribes.flash.marketing\/product\/sorribes-start-kit-8-12-years\/"},"modified":"2017-11-29T15:21:58","modified_gmt":"2017-11-29T14:21:58","slug":"baslangic-seti-8-12-yas","status":"publish","type":"product","link":"https:\/\/www.sorribesonline.com\/tr\/urun\/baslangic-seti-8-12-yas\/","title":{"rendered":"Ba\u015flang\u0131\u00e7 seti 8-12 Yas"},"content":{"rendered":"<div class=\"prod-view-website\">\n<div class=\"product-view\">\n<div class=\"product-collateral\">\n<div class=\"tabs-website\">\n<div id=\"product_tabs_contents_contents\" class=\"product-tabs-content\">\n<div class=\"std\">ba\u015flang\u0131\u00e7 kiti i\u00e7erir:<br \/>\n&#8211; 4 g\u00fcm\u00fc\u015f klipleri (boyutu b\u00fcy\u00fck)<br \/>\n&#8211; 80 pedleri<br \/>\n&#8211; 90 \u015feritler<br \/>\n&#8211; 2 istiridyeler<br \/>\n&#8211; 1 Cilt koruma sprey<br \/>\n&#8211; Maun saklama kutusu<br \/>\nBiz tedavi boyunca \u00e7evrimi\u00e7i isti\u015fareler sunuyoruz.<br \/>\nT\u00fcm \u00fcr\u00fcnler alerji test, t\u0131bben test edilmi\u015f ve d\u00fcnya \u00e7ap\u0131nda patent ile kapl\u0131d\u0131r.<\/div>\n<\/div>\n<\/div>\n<\/div>\n<\/div>\n<\/div>\n","protected":false},"excerpt":{"rendered":"<div class=\"prod-view-website\">\n<div class=\"product-view\">\n<div class=\"product-collateral\">\n<div class=\"tabs-website\">\n<div id=\"product_tabs_description_contents\" class=\"product-tabs-content\">\n<div class=\"std\">\n<p>Ba\u015flang\u0131\u00e7 setinde yakla\u015f\u0131k 3 ayl\u0131k bir s\u00fcre i\u00e7in tedaviyi s\u00fcrd\u00fcrmek i\u00e7in gereken her \u015feyi i\u00e7erir.<\/p>\n<\/div>\n<\/div>\n<\/div>\n<\/div>\n<\/div>\n<\/div>\n","protected":false},"featured_media":2008,"comment_status":"open","ping_status":"closed","template":"","meta":[],"product_brand":[],"product_cat":[120],"product_tag":[],"class_list":{"0":"post-553","1":"product","2":"type-product","3":"status-publish","4":"has-post-thumbnail","6":"product_cat-8-12-years-tr","8":"first","9":"instock","10":"taxable","11":"shipping-taxable","12":"purchasable","13":"product-type-simple"},"_links":{"self":[{"href":"https:\/\/www.sorribesonline.com\/tr\/wp-json\/wp\/v2\/product\/553","targetHints":{"allow":["GET"]}}],"collection":[{"href":"https:\/\/www.sorribesonline.com\/tr\/wp-json\/wp\/v2\/product"}],"about":[{"href":"https:\/\/www.sorribesonline.com\/tr\/wp-json\/wp\/v2\/types\/product"}],"replies":[{"embeddable":true,"href":"https:\/\/www.sorribesonline.com\/tr\/wp-json\/wp\/v2\/comments?post=553"}],"wp:featuredmedia":[{"embeddable":true,"href":"https:\/\/www.sorribesonline.com\/tr\/wp-json\/wp\/v2\/media\/2008"}],"wp:attachment":[{"href":"https:\/\/www.sorribesonline.com\/tr\/wp-json\/wp\/v2\/media?parent=553"}],"wp:term":[{"taxonomy":"product_brand","embeddable":true,"href":"https:\/\/www.sorribesonline.com\/tr\/wp-json\/wp\/v2\/product_brand?post=553"},{"taxonomy":"product_cat","embeddable":true,"href":"https:\/\/www.sorribesonline.com\/tr\/wp-json\/wp\/v2\/product_cat?post=553"},{"taxonomy":"product_tag","embeddable":true,"href":"https:\/\/www.sorribesonline.com\/tr\/wp-json\/wp\/v2\/product_tag?post=553"}],"curies":[{"name":"wp","href":"https:\/\/api.w.org\/{rel}","templated":true}]}}