{"id":516,"date":"2017-10-25T15:36:54","date_gmt":"2017-10-25T13:36:54","guid":{"rendered":"https:\/\/sorribes.flash.marketing\/product\/sorribes-start-kit-0-3-months\/"},"modified":"2017-11-29T15:21:57","modified_gmt":"2017-11-29T14:21:57","slug":"baslangic-seti-0-3-ay","status":"publish","type":"product","link":"https:\/\/www.sorribesonline.com\/tr\/urun\/baslangic-seti-0-3-ay\/","title":{"rendered":"Ba\u015flang\u0131\u00e7 seti 0-3 Ay"},"content":{"rendered":"<div class=\"prod-view-website\">\n<div class=\"product-view\">\n<div class=\"product-collateral\">\n<div class=\"tabs-website\">\n<div id=\"product_tabs_contents_contents\" class=\"product-tabs-content\">\n<div class=\"std\">\n<p>Ba\u015flang\u0131\u00e7 kiti, mini i\u00e7erir:<\/p>\n<p>&#8211; 2 g\u00fcm\u00fc\u015f klipleri (boyut k\u00fc\u00e7\u00fck)<br \/>\n&#8211; 30 \u015feritler<br \/>\n&#8211; 24 pedleri<\/p>\n<p>boyunca \u00e7evrimi\u00e7i isti\u015fareler<\/p>\n<p>Tedavi s\u00fcresi:. 2-13 hafta \u00e7ocu\u011fun ya\u015f\u0131na ba\u011fl\u0131 olarak<\/p>\n<p>T\u00fcm \u00fcr\u00fcnler alerji t\u0131bben test edilmi\u015f ve d\u00fcnya \u00e7ap\u0131nda patent kapsam\u0131nda, test edilmi\u015ftir.<\/p>\n<\/div>\n<\/div>\n<\/div>\n<\/div>\n<\/div>\n<\/div>\n","protected":false},"excerpt":{"rendered":"<div class=\"prod-view-website\">\n<div class=\"product-view\">\n<div class=\"product-collateral\">\n<div class=\"tabs-website\">\n<div id=\"product_tabs_description_contents\" class=\"product-tabs-content\">\n<div class=\"std\">\n<p>Ba\u015flang\u0131\u00e7 setinde yakla\u015f\u0131k 3 ayl\u0131k bir s\u00fcre i\u00e7in tedaviyi s\u00fcrd\u00fcrmek i\u00e7in gereken her \u015feyi i\u00e7erir.<\/p>\n<\/div>\n<\/div>\n<\/div>\n<\/div>\n<\/div>\n<\/div>\n","protected":false},"featured_media":2048,"comment_status":"open","ping_status":"closed","template":"","meta":[],"product_brand":[],"product_cat":[49],"product_tag":[],"class_list":{"0":"post-516","1":"product","2":"type-product","3":"status-publish","4":"has-post-thumbnail","6":"product_cat-0-3-months-tr","8":"first","9":"instock","10":"taxable","11":"shipping-taxable","12":"purchasable","13":"product-type-simple"},"_links":{"self":[{"href":"https:\/\/www.sorribesonline.com\/tr\/wp-json\/wp\/v2\/product\/516","targetHints":{"allow":["GET"]}}],"collection":[{"href":"https:\/\/www.sorribesonline.com\/tr\/wp-json\/wp\/v2\/product"}],"about":[{"href":"https:\/\/www.sorribesonline.com\/tr\/wp-json\/wp\/v2\/types\/product"}],"replies":[{"embeddable":true,"href":"https:\/\/www.sorribesonline.com\/tr\/wp-json\/wp\/v2\/comments?post=516"}],"wp:featuredmedia":[{"embeddable":true,"href":"https:\/\/www.sorribesonline.com\/tr\/wp-json\/wp\/v2\/media\/2048"}],"wp:attachment":[{"href":"https:\/\/www.sorribesonline.com\/tr\/wp-json\/wp\/v2\/media?parent=516"}],"wp:term":[{"taxonomy":"product_brand","embeddable":true,"href":"https:\/\/www.sorribesonline.com\/tr\/wp-json\/wp\/v2\/product_brand?post=516"},{"taxonomy":"product_cat","embeddable":true,"href":"https:\/\/www.sorribesonline.com\/tr\/wp-json\/wp\/v2\/product_cat?post=516"},{"taxonomy":"product_tag","embeddable":true,"href":"https:\/\/www.sorribesonline.com\/tr\/wp-json\/wp\/v2\/product_tag?post=516"}],"curies":[{"name":"wp","href":"https:\/\/api.w.org\/{rel}","templated":true}]}}