{"id":528,"date":"2017-10-25T15:36:50","date_gmt":"2017-10-25T13:36:50","guid":{"rendered":"https:\/\/sorribes.flash.marketing\/product\/sorribes-start-kit-2-7-years\/"},"modified":"2017-11-29T13:28:15","modified_gmt":"2017-11-29T12:28:15","slug":"kit-inicial-2-7-anos","status":"publish","type":"product","link":"https:\/\/www.sorribesonline.com\/pt-pt\/produto\/kit-inicial-2-7-anos\/","title":{"rendered":"Kit inicial 2-7 anos"},"content":{"rendered":"<p>O kit de start inclui:<br \/>\n&#8211; 4 clipes de prata (tamanho grande)<br \/>\n&#8211; 80 almofadas<br \/>\n&#8211; 90 tiras<br \/>\n&#8211; 2 mariscos<br \/>\n&#8211; 1 pele prote\u00e7\u00e3o pulverizador<br \/>\n&#8211; Caixa de armazenamento de mogno<br \/>\nOferecemos consultas on-line durante todo o tratamento.<br \/>\nTodos os produtos s\u00e3o alergia testado, clinicamente testados e cobertos por patentes em todo o mundo.<\/p>\n","protected":false},"excerpt":{"rendered":"<div class=\"prod-view-website\">\n<div class=\"product-view\">\n<div class=\"product-collateral\">\n<div class=\"tabs-website\">\n<div id=\"product_tabs_description_contents\" class=\"product-tabs-content\">\n<div class=\"std\">\n<p>O kit inicial cont\u00e9m tudo o que voc\u00ea precisa para iniciar e manter o tratamento por um per\u00edodo de aproximadamente 3 meses.<\/p>\n<\/div>\n<\/div>\n<\/div>\n<\/div>\n<\/div>\n<\/div>\n","protected":false},"featured_media":2055,"comment_status":"open","ping_status":"closed","template":"","meta":[],"product_brand":[],"product_cat":[78],"product_tag":[],"class_list":{"0":"post-528","1":"product","2":"type-product","3":"status-publish","4":"has-post-thumbnail","6":"product_cat-2-7-years-pt-pt","8":"first","9":"instock","10":"taxable","11":"shipping-taxable","12":"purchasable","13":"product-type-simple"},"_links":{"self":[{"href":"https:\/\/www.sorribesonline.com\/pt-pt\/wp-json\/wp\/v2\/product\/528","targetHints":{"allow":["GET"]}}],"collection":[{"href":"https:\/\/www.sorribesonline.com\/pt-pt\/wp-json\/wp\/v2\/product"}],"about":[{"href":"https:\/\/www.sorribesonline.com\/pt-pt\/wp-json\/wp\/v2\/types\/product"}],"replies":[{"embeddable":true,"href":"https:\/\/www.sorribesonline.com\/pt-pt\/wp-json\/wp\/v2\/comments?post=528"}],"wp:featuredmedia":[{"embeddable":true,"href":"https:\/\/www.sorribesonline.com\/pt-pt\/wp-json\/wp\/v2\/media\/2055"}],"wp:attachment":[{"href":"https:\/\/www.sorribesonline.com\/pt-pt\/wp-json\/wp\/v2\/media?parent=528"}],"wp:term":[{"taxonomy":"product_brand","embeddable":true,"href":"https:\/\/www.sorribesonline.com\/pt-pt\/wp-json\/wp\/v2\/product_brand?post=528"},{"taxonomy":"product_cat","embeddable":true,"href":"https:\/\/www.sorribesonline.com\/pt-pt\/wp-json\/wp\/v2\/product_cat?post=528"},{"taxonomy":"product_tag","embeddable":true,"href":"https:\/\/www.sorribesonline.com\/pt-pt\/wp-json\/wp\/v2\/product_tag?post=528"}],"curies":[{"name":"wp","href":"https:\/\/api.w.org\/{rel}","templated":true}]}}