{"id":538,"date":"2017-10-25T15:38:29","date_gmt":"2017-10-25T13:38:29","guid":{"rendered":"https:\/\/sorribes.flash.marketing\/product\/sorribes-start-kit-4-24-months\/"},"modified":"2017-11-29T13:08:19","modified_gmt":"2017-11-29T12:08:19","slug":"commencez-kit-4-24-mois","status":"publish","type":"product","link":"https:\/\/www.sorribesonline.com\/fr\/produit\/commencez-kit-4-24-mois\/","title":{"rendered":"Commencez Kit 4-24 Mois"},"content":{"rendered":"<p>Le kit de d\u00e9marrage comprend:<\/p>\n<p>&#8211; 4 clips d&rsquo;argent (de petite taille)<br \/>\n&#8211; 80 pads<br \/>\n&#8211; 90 bandes<br \/>\n&#8211; 1 peau spray de protection<br \/>\n&#8211; bo\u00eete de rangement en acajou<\/p>\n<p>Nous offrons des consultations en ligne \u00e0 travers le traitement<\/p>\n<p>Tous les produits sont test\u00e9 contre les allergies, m\u00e9dicalement test\u00e9s et couverts par des brevets dans le monde entier.<\/p>\n","protected":false},"excerpt":{"rendered":"<div class=\"prod-view-website\">\n<div class=\"product-view\">\n<div class=\"product-collateral\">\n<div class=\"tabs-website\">\n<div id=\"product_tabs_description_contents\" class=\"product-tabs-content\">\n<div class=\"std\">\n<p>Le kit de d\u00e9marrage contient tout ce dont vous avez besoin pour d\u00e9marrer et maintenir un traitement pour une p\u00e9riode d&rsquo;environ 3 mois.<\/p>\n<\/div>\n<\/div>\n<\/div>\n<\/div>\n<\/div>\n<\/div>\n","protected":false},"featured_media":2032,"comment_status":"open","ping_status":"closed","template":"","meta":[],"product_brand":[],"product_cat":[90],"product_tag":[],"class_list":{"0":"post-538","1":"product","2":"type-product","3":"status-publish","4":"has-post-thumbnail","6":"product_cat-4-24-months-fr","8":"first","9":"instock","10":"taxable","11":"shipping-taxable","12":"purchasable","13":"product-type-simple"},"_links":{"self":[{"href":"https:\/\/www.sorribesonline.com\/fr\/wp-json\/wp\/v2\/product\/538","targetHints":{"allow":["GET"]}}],"collection":[{"href":"https:\/\/www.sorribesonline.com\/fr\/wp-json\/wp\/v2\/product"}],"about":[{"href":"https:\/\/www.sorribesonline.com\/fr\/wp-json\/wp\/v2\/types\/product"}],"replies":[{"embeddable":true,"href":"https:\/\/www.sorribesonline.com\/fr\/wp-json\/wp\/v2\/comments?post=538"}],"wp:featuredmedia":[{"embeddable":true,"href":"https:\/\/www.sorribesonline.com\/fr\/wp-json\/wp\/v2\/media\/2032"}],"wp:attachment":[{"href":"https:\/\/www.sorribesonline.com\/fr\/wp-json\/wp\/v2\/media?parent=538"}],"wp:term":[{"taxonomy":"product_brand","embeddable":true,"href":"https:\/\/www.sorribesonline.com\/fr\/wp-json\/wp\/v2\/product_brand?post=538"},{"taxonomy":"product_cat","embeddable":true,"href":"https:\/\/www.sorribesonline.com\/fr\/wp-json\/wp\/v2\/product_cat?post=538"},{"taxonomy":"product_tag","embeddable":true,"href":"https:\/\/www.sorribesonline.com\/fr\/wp-json\/wp\/v2\/product_tag?post=538"}],"curies":[{"name":"wp","href":"https:\/\/api.w.org\/{rel}","templated":true}]}}