{"id":504,"date":"2017-10-25T15:36:54","date_gmt":"2017-10-25T13:36:54","guid":{"rendered":"https:\/\/sorribes.flash.marketing\/product\/sorribes-start-kit-0-3-months\/"},"modified":"2017-11-29T13:08:16","modified_gmt":"2017-11-29T12:08:16","slug":"commencez-kit-0-3-mois","status":"publish","type":"product","link":"https:\/\/www.sorribesonline.com\/fr\/produit\/commencez-kit-0-3-mois\/","title":{"rendered":"Commencez Kit 0-3 Mois"},"content":{"rendered":"<p>Le kit de d\u00e9marrage mini-comprend:<\/p>\n<p>&#8211; 2 clips d&rsquo;argent (de petite taille)<br \/>\n&#8211; 24 pads<br \/>\n&#8211; 30 bandes<br \/>\n&#8211; des consultations en ligne \u00e0 travers le traitement<br \/>\n&#8211; manuel de traitement<\/p>\n<p>P\u00e9riode de traitement:. 2-13 semaines selon l&rsquo;\u00e2ge de l&rsquo;enfant<\/p>\n<p>Tous les produits sont test\u00e9 contre les allergies, m\u00e9dicalement test\u00e9s et couverts par des brevets dans le monde entier.<\/p>\n","protected":false},"excerpt":{"rendered":"<div class=\"prod-view-website\">\n<div class=\"product-view\">\n<div class=\"product-collateral\">\n<div class=\"tabs-website\">\n<div id=\"product_tabs_description_contents\" class=\"product-tabs-content\">\n<div class=\"std\">\n<p>Le kit de d\u00e9marrage contient tout ce dont vous avez besoin pour d\u00e9marrer et maintenir un traitement pour une p\u00e9riode d&rsquo;environ 3 mois.<\/p>\n<\/div>\n<\/div>\n<\/div>\n<\/div>\n<\/div>\n<\/div>\n","protected":false},"featured_media":2042,"comment_status":"open","ping_status":"closed","template":"","meta":[],"product_brand":[],"product_cat":[43],"product_tag":[],"class_list":{"0":"post-504","1":"product","2":"type-product","3":"status-publish","4":"has-post-thumbnail","6":"product_cat-0-3-months-fr","8":"first","9":"instock","10":"taxable","11":"shipping-taxable","12":"purchasable","13":"product-type-simple"},"_links":{"self":[{"href":"https:\/\/www.sorribesonline.com\/fr\/wp-json\/wp\/v2\/product\/504","targetHints":{"allow":["GET"]}}],"collection":[{"href":"https:\/\/www.sorribesonline.com\/fr\/wp-json\/wp\/v2\/product"}],"about":[{"href":"https:\/\/www.sorribesonline.com\/fr\/wp-json\/wp\/v2\/types\/product"}],"replies":[{"embeddable":true,"href":"https:\/\/www.sorribesonline.com\/fr\/wp-json\/wp\/v2\/comments?post=504"}],"wp:featuredmedia":[{"embeddable":true,"href":"https:\/\/www.sorribesonline.com\/fr\/wp-json\/wp\/v2\/media\/2042"}],"wp:attachment":[{"href":"https:\/\/www.sorribesonline.com\/fr\/wp-json\/wp\/v2\/media?parent=504"}],"wp:term":[{"taxonomy":"product_brand","embeddable":true,"href":"https:\/\/www.sorribesonline.com\/fr\/wp-json\/wp\/v2\/product_brand?post=504"},{"taxonomy":"product_cat","embeddable":true,"href":"https:\/\/www.sorribesonline.com\/fr\/wp-json\/wp\/v2\/product_cat?post=504"},{"taxonomy":"product_tag","embeddable":true,"href":"https:\/\/www.sorribesonline.com\/fr\/wp-json\/wp\/v2\/product_tag?post=504"}],"curies":[{"name":"wp","href":"https:\/\/api.w.org\/{rel}","templated":true}]}}