{"id":532,"date":"2017-10-25T15:36:50","date_gmt":"2017-10-25T13:36:50","guid":{"rendered":"https:\/\/sorribes.flash.marketing\/product\/sorribes-start-kit-2-7-years\/"},"modified":"2017-11-29T15:19:06","modified_gmt":"2017-11-29T14:19:06","slug":"kit-de-inicio-2-7anos","status":"publish","type":"product","link":"https:\/\/www.sorribesonline.com\/es\/producto\/kit-de-inicio-2-7anos\/","title":{"rendered":"Kit de inicio 2-7a\u00f1os"},"content":{"rendered":"<div class=\"prod-view-website\">\n<div class=\"product-view\">\n<div class=\"product-collateral\">\n<div class=\"tabs-website\">\n<div id=\"product_tabs_contents_contents\" class=\"product-tabs-content\">\n<div class=\"std\">\n<p>El kit de inicio incluye:<\/p>\n<p>&#8211; 4 clips de plata (tama\u00f1o grande)<br \/>\n&#8211; 80 almohadillas<br \/>\n&#8211; 90 tiras<br \/>\n&#8211; 2 pinzas<br \/>\n&#8211; 1 spray protector para la piel<br \/>\n&#8211; Manual del tratamiento<br \/>\n&#8211; Caja de almacenamiento de caoba<\/p>\n<p>Consultas online incluidas durante todo el tratamiento<\/p>\n<p>Todos los productos han dado resultado negativo en test de alergias, est\u00e1n m\u00e9dicamente probados y patentados en todo el mundo.<\/p>\n<p>El per\u00edodo de tratamiento es individual dependiendo de la dureza y del grosor del cart\u00edlago de la oreja. El m\u00e9dico y su personal le dar\u00e1n una estimaci\u00f3n individual. Contacte con\u00a0<a href=\"mailto:info@sorribesonline.es\">info@sorribesonline.es<\/a>\u00a0para m\u00e1s informaci\u00f3n.<\/p>\n<\/div>\n<\/div>\n<\/div>\n<\/div>\n<\/div>\n<\/div>\n","protected":false},"excerpt":{"rendered":"<div class=\"prod-view-website\">\n<div class=\"product-view\">\n<div class=\"product-collateral\">\n<div class=\"tabs-website\">\n<div id=\"product_tabs_description_contents\" class=\"product-tabs-content\">\n<div class=\"std\">\n<p>El kit de inicio contiene todo lo necesario para iniciar y mantener el tratamiento durante un per\u00edodo de aproximadamente 3 meses.<\/p>\n<\/div>\n<\/div>\n<\/div>\n<\/div>\n<\/div>\n<\/div>\n","protected":false},"featured_media":2057,"comment_status":"open","ping_status":"closed","template":"","meta":[],"product_brand":[],"product_cat":[82],"product_tag":[],"class_list":{"0":"post-532","1":"product","2":"type-product","3":"status-publish","4":"has-post-thumbnail","6":"product_cat-2-7-years-es","8":"first","9":"instock","10":"taxable","11":"shipping-taxable","12":"purchasable","13":"product-type-simple"},"_links":{"self":[{"href":"https:\/\/www.sorribesonline.com\/es\/wp-json\/wp\/v2\/product\/532","targetHints":{"allow":["GET"]}}],"collection":[{"href":"https:\/\/www.sorribesonline.com\/es\/wp-json\/wp\/v2\/product"}],"about":[{"href":"https:\/\/www.sorribesonline.com\/es\/wp-json\/wp\/v2\/types\/product"}],"replies":[{"embeddable":true,"href":"https:\/\/www.sorribesonline.com\/es\/wp-json\/wp\/v2\/comments?post=532"}],"wp:featuredmedia":[{"embeddable":true,"href":"https:\/\/www.sorribesonline.com\/es\/wp-json\/wp\/v2\/media\/2057"}],"wp:attachment":[{"href":"https:\/\/www.sorribesonline.com\/es\/wp-json\/wp\/v2\/media?parent=532"}],"wp:term":[{"taxonomy":"product_brand","embeddable":true,"href":"https:\/\/www.sorribesonline.com\/es\/wp-json\/wp\/v2\/product_brand?post=532"},{"taxonomy":"product_cat","embeddable":true,"href":"https:\/\/www.sorribesonline.com\/es\/wp-json\/wp\/v2\/product_cat?post=532"},{"taxonomy":"product_tag","embeddable":true,"href":"https:\/\/www.sorribesonline.com\/es\/wp-json\/wp\/v2\/product_tag?post=532"}],"curies":[{"name":"wp","href":"https:\/\/api.w.org\/{rel}","templated":true}]}}