{"id":539,"date":"2017-10-25T15:38:29","date_gmt":"2017-10-25T13:38:29","guid":{"rendered":"https:\/\/sorribes.flash.marketing\/product\/sorribes-start-kit-4-24-months\/"},"modified":"2021-06-25T09:24:03","modified_gmt":"2021-06-25T07:24:03","slug":"ohrenkorrektur-start-kit-4-24-monate","status":"publish","type":"product","link":"https:\/\/www.sorribesonline.com\/de\/produkt\/ohrenkorrektur-start-kit-4-24-monate\/","title":{"rendered":"Ohrenkorrektur Start Kit 4-24 Monate"},"content":{"rendered":"<p>Der Start Kit enth\u00e4lt:<\/p>\n<p>&#8211; 4 Silber-Clips (Gr\u00f6\u00dfe klein)<br \/>\n&#8211; 80 Pads<br \/>\n&#8211; 90 Streifen<br \/>\n&#8211; 1 Hautschutz-Spray<br \/>\n&#8211; Mahagoni-Aufbewahrungsbox<\/p>\n<p>Wir bieten Online-Konsultationen w\u00e4hrend der Behandlung<\/p>\n<p>Alle Produkte sind allergiegetestet , medizinisch getestet und durch weltweite Patente gesch\u00fctzt.<\/p>\n","protected":false},"excerpt":{"rendered":"<div class=\"prod-view-website\">\n<div class=\"product-view\">\n<div class=\"product-collateral\">\n<div class=\"tabs-website\">\n<div id=\"product_tabs_description_contents\" class=\"product-tabs-content\">\n<div class=\"std\">\n<p>Das Starter-Kit enth\u00e4lt alles, das Sie ben\u00f6tigen, um die Behandlung zu starten und f\u00fcr ca. 3 Monate fortzuf\u00fchren.<\/p>\n<\/div>\n<\/div>\n<\/div>\n<\/div>\n<\/div>\n<\/div>\n","protected":false},"featured_media":2033,"comment_status":"open","ping_status":"closed","template":"","meta":[],"product_brand":[],"product_cat":[92],"product_tag":[],"class_list":{"0":"post-539","1":"product","2":"type-product","3":"status-publish","4":"has-post-thumbnail","6":"product_cat-4-24-months-de","8":"first","9":"instock","10":"taxable","11":"shipping-taxable","12":"purchasable","13":"product-type-simple"},"_links":{"self":[{"href":"https:\/\/www.sorribesonline.com\/de\/wp-json\/wp\/v2\/product\/539","targetHints":{"allow":["GET"]}}],"collection":[{"href":"https:\/\/www.sorribesonline.com\/de\/wp-json\/wp\/v2\/product"}],"about":[{"href":"https:\/\/www.sorribesonline.com\/de\/wp-json\/wp\/v2\/types\/product"}],"replies":[{"embeddable":true,"href":"https:\/\/www.sorribesonline.com\/de\/wp-json\/wp\/v2\/comments?post=539"}],"wp:featuredmedia":[{"embeddable":true,"href":"https:\/\/www.sorribesonline.com\/de\/wp-json\/wp\/v2\/media\/2033"}],"wp:attachment":[{"href":"https:\/\/www.sorribesonline.com\/de\/wp-json\/wp\/v2\/media?parent=539"}],"wp:term":[{"taxonomy":"product_brand","embeddable":true,"href":"https:\/\/www.sorribesonline.com\/de\/wp-json\/wp\/v2\/product_brand?post=539"},{"taxonomy":"product_cat","embeddable":true,"href":"https:\/\/www.sorribesonline.com\/de\/wp-json\/wp\/v2\/product_cat?post=539"},{"taxonomy":"product_tag","embeddable":true,"href":"https:\/\/www.sorribesonline.com\/de\/wp-json\/wp\/v2\/product_tag?post=539"}],"curies":[{"name":"wp","href":"https:\/\/api.w.org\/{rel}","templated":true}]}}