{"id":506,"date":"2017-10-25T15:36:54","date_gmt":"2017-10-25T13:36:54","guid":{"rendered":"https:\/\/sorribes.flash.marketing\/product\/sorribes-start-kit-0-3-months\/"},"modified":"2021-06-25T09:22:39","modified_gmt":"2021-06-25T07:22:39","slug":"start-kit-0-3-monate","status":"publish","type":"product","link":"https:\/\/www.sorribesonline.com\/de\/produkt\/start-kit-0-3-monate\/","title":{"rendered":"Ohrenkorrektur Start Kit 0-3 Monate"},"content":{"rendered":"<div class=\"prod-view-website\">\n<div class=\"product-view\">\n<div class=\"product-collateral\">\n<div class=\"tabs-website\">\n<div id=\"product_tabs_contents_contents\" class=\"product-tabs-content\">\n<div class=\"std\">\n<p>Der Start Kit Mini beinhaltet:<\/p>\n<p>&#8211; 2 Silber-Clips (Gr\u00f6\u00dfe klein)<br \/>\n&#8211; 24 Pads<br \/>\n&#8211; 30 Streifen<br \/>\n&#8211; Online-Konsultationen w\u00e4hrend der gesamten Behandlung<br \/>\n&#8211; Behandlung Handbuch<\/p>\n<p>Behandlungszeitraum :. 2-13 Wochen auf das Alter des Kindes abh\u00e4ngig<\/p>\n<p>Alle Produkte sind allergiegetestet , medizinisch getestet und durch weltweite Patente gesch\u00fctzt.<\/p>\n<\/div>\n<\/div>\n<\/div>\n<\/div>\n<\/div>\n<\/div>\n","protected":false},"excerpt":{"rendered":"<div class=\"prod-view-website\">\n<div class=\"product-view\">\n<div class=\"product-collateral\">\n<div class=\"tabs-website\">\n<div id=\"product_tabs_description_contents\" class=\"product-tabs-content\">\n<div class=\"std\">\n<p>Das Starter-Kit enth\u00e4lt alles, das Sie ben\u00f6tigen, um die Behandlung zu starten und f\u00fcr ca. 3 Monate fortzuf\u00fchren.<\/p>\n<\/div>\n<\/div>\n<\/div>\n<\/div>\n<\/div>\n<\/div>\n","protected":false},"featured_media":2043,"comment_status":"open","ping_status":"closed","template":"","meta":[],"product_brand":[],"product_cat":[44],"product_tag":[],"class_list":{"0":"post-506","1":"product","2":"type-product","3":"status-publish","4":"has-post-thumbnail","6":"product_cat-0-3-months-de","8":"first","9":"instock","10":"taxable","11":"shipping-taxable","12":"purchasable","13":"product-type-simple"},"_links":{"self":[{"href":"https:\/\/www.sorribesonline.com\/de\/wp-json\/wp\/v2\/product\/506","targetHints":{"allow":["GET"]}}],"collection":[{"href":"https:\/\/www.sorribesonline.com\/de\/wp-json\/wp\/v2\/product"}],"about":[{"href":"https:\/\/www.sorribesonline.com\/de\/wp-json\/wp\/v2\/types\/product"}],"replies":[{"embeddable":true,"href":"https:\/\/www.sorribesonline.com\/de\/wp-json\/wp\/v2\/comments?post=506"}],"wp:featuredmedia":[{"embeddable":true,"href":"https:\/\/www.sorribesonline.com\/de\/wp-json\/wp\/v2\/media\/2043"}],"wp:attachment":[{"href":"https:\/\/www.sorribesonline.com\/de\/wp-json\/wp\/v2\/media?parent=506"}],"wp:term":[{"taxonomy":"product_brand","embeddable":true,"href":"https:\/\/www.sorribesonline.com\/de\/wp-json\/wp\/v2\/product_brand?post=506"},{"taxonomy":"product_cat","embeddable":true,"href":"https:\/\/www.sorribesonline.com\/de\/wp-json\/wp\/v2\/product_cat?post=506"},{"taxonomy":"product_tag","embeddable":true,"href":"https:\/\/www.sorribesonline.com\/de\/wp-json\/wp\/v2\/product_tag?post=506"}],"curies":[{"name":"wp","href":"https:\/\/api.w.org\/{rel}","templated":true}]}}