{"id":215,"date":"2017-10-23T16:52:37","date_gmt":"2017-10-23T14:52:37","guid":{"rendered":"https:\/\/sorribes.flash.marketing\/results\/"},"modified":"2018-01-10T14:31:05","modified_gmt":"2018-01-10T13:31:05","slug":"results","status":"publish","type":"page","link":"https:\/\/www.sorribesonline.com\/de\/results\/","title":{"rendered":"RESULTS"},"content":{"rendered":"<div class=\"slider-wrapper relative\" id=\"slider-1547439533\" >\n    <div class=\"slider slider-nav-circle slider-nav-large slider-nav-light slider-style-normal\"\n        data-flickity-options='{\n            \"cellAlign\": \"center\",\n            \"imagesLoaded\": true,\n            \"lazyLoad\": 1,\n            \"freeScroll\": false,\n            \"wrapAround\": true,\n            \"autoPlay\": 10000,\n            \"pauseAutoPlayOnHover\" : true,\n            \"prevNextButtons\": false,\n            \"contain\" : true,\n            \"adaptiveHeight\" : true,\n            \"dragThreshold\" : 10,\n            \"percentPosition\": true,\n            \"pageDots\": false,\n            \"rightToLeft\": false,\n            \"draggable\": true,\n            \"selectedAttraction\": 0.1,\n            \"parallax\" : 0,\n            \"friction\": 0.6        }'\n        >\n        \r\n\r\n\n  <div class=\"banner has-hover\" id=\"banner-1329898300\">\n          <div class=\"banner-inner fill\">\n        <div class=\"banner-bg fill\" >\n            <div class=\"bg fill bg-fill \"><\/div>\n                                    \n                    <\/div>\n\t\t\n        <div class=\"banner-layers container\">\n            <div class=\"fill banner-link\"><\/div>            \r\n\r\n   <div id=\"text-box-1786768170\" class=\"text-box banner-layer x50 md-x50 lg-x50 y50 md-y35 lg-y30 res-text\">\n                     <div data-animate=\"fadeInRight\">           <div class=\"text-box-content text dark\">\n              \n              <div class=\"text-inner text-center\">\n                  \r\n<h3 class=\"uppercase\" style=\"text-align: center;\"><strong>Schmerzlos und einfache Methode. Jeder kann es tun<\/strong><\/h3>\r\n              <\/div>\n           <\/div>\n       <\/div>                     \n<style>\n#text-box-1786768170 {\n  width: 82%;\n}\n#text-box-1786768170 .text-box-content {\n  font-size: 110%;\n}\n@media (min-width:550px) {\n  #text-box-1786768170 {\n    width: 94%;\n  }\n  #text-box-1786768170 .text-box-content {\n    font-size: 85%;\n  }\n}\n@media (min-width:850px) {\n  #text-box-1786768170 .text-box-content {\n    font-size: 100%;\n  }\n}\n<\/style>\n    <\/div>\n \r\n\r\n        <\/div>\n      <\/div>\n\n            \n<style>\n#banner-1329898300 {\n  padding-top: 160px;\n}\n#banner-1329898300 .ux-shape-divider--top svg {\n  height: 150px;\n  --divider-top-width: 100%;\n}\n#banner-1329898300 .ux-shape-divider--bottom svg {\n  height: 150px;\n  --divider-width: 100%;\n}\n<\/style>\n  <\/div>\n\n\r\n\n  <div class=\"banner has-hover\" id=\"banner-895428412\">\n          <div class=\"banner-inner fill\">\n        <div class=\"banner-bg fill\" >\n            <div class=\"bg fill bg-fill \"><\/div>\n                                    \n                    <\/div>\n\t\t\n        <div class=\"banner-layers container\">\n            <div class=\"fill banner-link\"><\/div>            \r\n\r\n   <div id=\"text-box-1502824464\" class=\"text-box banner-layer x50 md-x50 lg-x50 y50 md-y35 lg-y30 res-text\">\n                     <div data-animate=\"fadeInRight\">           <div class=\"text-box-content text dark\">\n              \n              <div class=\"text-inner text-center\">\n                  \r\n<h3 class=\"uppercase\" style=\"text-align: center;\"><strong>Die Behandlung zu Hause. Wir unterst\u00fctzen Sie online.<\/strong><\/h3>\r\n              <\/div>\n           <\/div>\n       <\/div>                     \n<style>\n#text-box-1502824464 {\n  width: 82%;\n}\n#text-box-1502824464 .text-box-content {\n  font-size: 110%;\n}\n@media (min-width:550px) {\n  #text-box-1502824464 {\n    width: 94%;\n  }\n  #text-box-1502824464 .text-box-content {\n    font-size: 85%;\n  }\n}\n@media (min-width:850px) {\n  #text-box-1502824464 .text-box-content {\n    font-size: 100%;\n  }\n}\n<\/style>\n    <\/div>\n \r\n\r\n        <\/div>\n      <\/div>\n\n            \n<style>\n#banner-895428412 {\n  padding-top: 160px;\n}\n#banner-895428412 .ux-shape-divider--top svg {\n  height: 150px;\n  --divider-top-width: 100%;\n}\n#banner-895428412 .ux-shape-divider--bottom svg {\n  height: 150px;\n  --divider-width: 100%;\n}\n<\/style>\n  <\/div>\n\n\r\n\n  <div class=\"banner has-hover\" id=\"banner-1552250460\">\n          <div class=\"banner-inner fill\">\n        <div class=\"banner-bg fill\" >\n            <div class=\"bg fill bg-fill \"><\/div>\n                                    \n                    <\/div>\n\t\t\n        <div class=\"banner-layers container\">\n            <div class=\"fill banner-link\"><\/div>            \r\n\r\n   <div id=\"text-box-226244455\" class=\"text-box banner-layer x50 md-x50 lg-x50 y50 md-y35 lg-y30 res-text\">\n                     <div data-animate=\"fadeInRight\">           <div class=\"text-box-content text dark\">\n              \n              <div class=\"text-inner text-center\">\n                  \r\n<h3 class=\"uppercase\" style=\"text-align: center;\"><strong>Ohrkorrektur f\u00fcr alle Altersgruppen<\/strong><\/h3>\r\n              <\/div>\n           <\/div>\n       <\/div>                     \n<style>\n#text-box-226244455 {\n  width: 82%;\n}\n#text-box-226244455 .text-box-content {\n  font-size: 110%;\n}\n@media (min-width:550px) {\n  #text-box-226244455 {\n    width: 94%;\n  }\n  #text-box-226244455 .text-box-content {\n    font-size: 85%;\n  }\n}\n@media (min-width:850px) {\n  #text-box-226244455 .text-box-content {\n    font-size: 100%;\n  }\n}\n<\/style>\n    <\/div>\n \r\n\r\n        <\/div>\n      <\/div>\n\n            \n<style>\n#banner-1552250460 {\n  padding-top: 160px;\n}\n#banner-1552250460 .ux-shape-divider--top svg {\n  height: 150px;\n  --divider-top-width: 100%;\n}\n#banner-1552250460 .ux-shape-divider--bottom svg {\n  height: 150px;\n  --divider-width: 100%;\n}\n<\/style>\n  <\/div>\n\n\r\n\r\n     <\/div>\n\n     <div class=\"loading-spin dark large centered\"><\/div>\n\n     \t<\/div>\n\n\n\t<section class=\"section\" id=\"section_2018250825\">\n\t\t<div class=\"bg section-bg fill bg-fill  bg-loaded\" >\n\n\t\t\t\n\t\t\t\n\t\t\t\n\t<div class=\"is-border\"\n\t\tstyle=\"border-width:1px 0px 0px 0px;\">\n\t<\/div>\n\n\t\t<\/div>\n\n\t\t\n\n\t\t<div class=\"section-content relative\">\n\t\t\t\n<div class=\"row\"  id=\"row-1143314846\">\n\n\t<div id=\"col-413731306\" class=\"col medium-6 small-12 large-6\"  >\n\t\t\t\t<div class=\"col-inner\"  >\n\t\t\t\n\t\t\t\n\t<div class=\"img has-hover x md-x lg-x y md-y lg-y\" id=\"image_232663411\">\n\t\t\t\t\t\t\t\t<div class=\"img-inner box-shadow-2 dark\" style=\"margin:0px 0px -20px 0px;\">\n\t\t\t<img loading=\"lazy\" decoding=\"async\" width=\"1005\" height=\"670\" src=\"https:\/\/www.sorribesonline.com\/wp-content\/uploads\/2017\/10\/Sorribes-1.png\" class=\"attachment-large size-large\" alt=\"Sorribes Online Ear Method - Correction of protuding ears\" srcset=\"https:\/\/www.sorribesonline.com\/wp-content\/uploads\/2017\/10\/Sorribes-1.png 1005w, https:\/\/www.sorribesonline.com\/wp-content\/uploads\/2017\/10\/Sorribes-1-600x400.png 600w, https:\/\/www.sorribesonline.com\/wp-content\/uploads\/2017\/10\/Sorribes-1-300x200.png 300w, https:\/\/www.sorribesonline.com\/wp-content\/uploads\/2017\/10\/Sorribes-1-768x512.png 768w\" sizes=\"auto, (max-width: 1005px) 100vw, 1005px\" \/>\t\t\t\t\t\t\n\t\t\t\t\t<\/div>\n\t\t\t\t\t\t\t\t\n<style>\n#image_232663411 {\n  width: 100%;\n}\n<\/style>\n\t<\/div>\n\t\n\t\t<\/div>\n\t\t\t\t\t<\/div>\n\n\t\n\n\t<div id=\"col-1453801879\" class=\"col medium-6 small-12 large-6\"  >\n\t\t\t\t<div class=\"col-inner\"  >\n\t\t\t\n\t\t\t\n<h1>Wir behandeln 80% aller abstehenden und verformten Ohren erfolgreich.<\/h1>\n<p>Sorribes Online deckt den Bedarf an Korrekturen von Ohren ohne Chirurgie, und dies von Neugeborenen bis zu Erwachsenen. Schauen Sie sich Bilder unserer Patienten vor und nach der Behandlung an.<\/p>\n<p><strong>Permanente Resultate<\/strong><br \/>\nAbstehende und verformte Ohren k\u00f6nnen mit Sorribes Ear Method korrigiert werden. Die behandelten Ohren haben keine Narben oder scharfe Kanten, die nach einer Operation auftreten k\u00f6nnen.<\/p>\n\t\t<\/div>\n\t\t\t\t\t<\/div>\n\n\t\n<\/div>\n\t\t<\/div>\n\n\t\t\n<style>\n#section_2018250825 {\n  padding-top: 60px;\n  padding-bottom: 60px;\n}\n#section_2018250825 .ux-shape-divider--top svg {\n  height: 150px;\n  --divider-top-width: 100%;\n}\n#section_2018250825 .ux-shape-divider--bottom svg {\n  height: 150px;\n  --divider-width: 100%;\n}\n<\/style>\n\t<\/section>\n\t\n\t<section class=\"section\" id=\"section_949102759\">\n\t\t<div class=\"bg section-bg fill bg-fill  bg-loaded\" >\n\n\t\t\t\n\t\t\t\n\t\t\t\n\t<div class=\"is-border\"\n\t\tstyle=\"border-width:1px 0px 0px 0px;\">\n\t<\/div>\n\n\t\t<\/div>\n\n\t\t\n\n\t\t<div class=\"section-content relative\">\n\t\t\t\n<div class=\"row\"  id=\"row-365499438\">\n\n\t<div id=\"col-1753624227\" class=\"col medium-6 small-12 large-6\"  >\n\t\t\t\t<div class=\"col-inner\"  >\n\t\t\t\n\t\t\t\n<h1>Emma, 3 Monate &#8211; Behandlung von abstehenden Ohren<\/h1>\n<p>Emmas Eltern haben Sorribes Online kontaktiert, da sie \u00fcber die Unterschiede von Emmas Ohren besorgt waren.<br \/>\nWir begannen die Behandlung mit dem Streifen und der Silberklammer. Emma hat die Produkte direkt akzeptiert, und Ergebnisse waren bereits nach dem ersten Monat erkennbar. Die Behandlung was sehr erfolgreich, und dauerte 4 Monate. Emmas Eltern sind sehr gl\u00fccklich mit Sorribes Ear Method, und dar\u00fcber, dass die Operation umgangen wurde.<\/p>\n<p>Die Fotos zeigen das rechte Ohr vor, und einen Monat nach der Behandlung. Beachten Sie, dass das Ohr vor der Behandlung die Falte nicht besitzt. Nach kurzer Zeit wird diese Falte jedoch gebildet (beachten Sie die Pfeile).<\/p>\n\t\t<\/div>\n\t\t\t\t\t<\/div>\n\n\t\n\n\t<div id=\"col-1620104510\" class=\"col medium-6 small-12 large-6\"  >\n\t\t\t\t<div class=\"col-inner\"  >\n\t\t\t\n\t\t\t\n\t<div class=\"img has-hover x md-x lg-x y md-y lg-y\" id=\"image_2059222230\">\n\t\t\t\t\t\t\t\t<div class=\"img-inner box-shadow-2 dark\" style=\"margin:0px 0px -20px 0px;\">\n\t\t\t<img loading=\"lazy\" decoding=\"async\" width=\"1005\" height=\"280\" src=\"https:\/\/www.sorribesonline.com\/wp-content\/uploads\/2017\/11\/Emma.png\" class=\"attachment-large size-large\" alt=\"\" srcset=\"https:\/\/www.sorribesonline.com\/wp-content\/uploads\/2017\/11\/Emma.png 1005w, https:\/\/www.sorribesonline.com\/wp-content\/uploads\/2017\/11\/Emma-600x167.png 600w, https:\/\/www.sorribesonline.com\/wp-content\/uploads\/2017\/11\/Emma-300x84.png 300w, https:\/\/www.sorribesonline.com\/wp-content\/uploads\/2017\/11\/Emma-768x214.png 768w\" sizes=\"auto, (max-width: 1005px) 100vw, 1005px\" \/>\t\t\t\t\t\t\n\t\t\t\t\t<\/div>\n\t\t\t\t\t\t\t\t\n<style>\n#image_2059222230 {\n  width: 100%;\n}\n<\/style>\n\t<\/div>\n\t\n\t\t<\/div>\n\t\t\t\t\t<\/div>\n\n\t\n<\/div>\n\t\t<\/div>\n\n\t\t\n<style>\n#section_949102759 {\n  padding-top: 60px;\n  padding-bottom: 60px;\n  background-color: rgb(246, 246, 246);\n}\n#section_949102759 .ux-shape-divider--top svg {\n  height: 150px;\n  --divider-top-width: 100%;\n}\n#section_949102759 .ux-shape-divider--bottom svg {\n  height: 150px;\n  --divider-width: 100%;\n}\n<\/style>\n\t<\/section>\n\t\n\t<section class=\"section\" id=\"section_977229198\">\n\t\t<div class=\"bg section-bg fill bg-fill  bg-loaded\" >\n\n\t\t\t\n\t\t\t\n\t\t\t\n\t<div class=\"is-border\"\n\t\tstyle=\"border-width:1px 0px 0px 0px;\">\n\t<\/div>\n\n\t\t<\/div>\n\n\t\t\n\n\t\t<div class=\"section-content relative\">\n\t\t\t\n<div class=\"row\"  id=\"row-365061927\">\n\n\t<div id=\"col-677071109\" class=\"col medium-6 small-12 large-6\"  >\n\t\t\t\t<div class=\"col-inner\"  >\n\t\t\t\n\t\t\t\n\t<div class=\"img has-hover x md-x lg-x y md-y lg-y\" id=\"image_1397865665\">\n\t\t\t\t\t\t\t\t<div class=\"img-inner box-shadow-2 dark\" style=\"margin:0px 0px -20px 0px;\">\n\t\t\t<img loading=\"lazy\" decoding=\"async\" width=\"400\" height=\"600\" src=\"https:\/\/www.sorribesonline.com\/wp-content\/uploads\/2017\/11\/lukas.jpg\" class=\"attachment-large size-large\" alt=\"Sorribes Online Ear Method - Correction of protuding ears\" srcset=\"https:\/\/www.sorribesonline.com\/wp-content\/uploads\/2017\/11\/lukas.jpg 400w, https:\/\/www.sorribesonline.com\/wp-content\/uploads\/2017\/11\/lukas-200x300.jpg 200w\" sizes=\"auto, (max-width: 400px) 100vw, 400px\" \/>\t\t\t\t\t\t\n\t\t\t\t\t<\/div>\n\t\t\t\t\t\t\t\t\n<style>\n#image_1397865665 {\n  width: 100%;\n}\n<\/style>\n\t<\/div>\n\t\n\t\t<\/div>\n\t\t\t\t\t<\/div>\n\n\t\n\n\t<div id=\"col-1760628328\" class=\"col medium-6 small-12 large-6\"  >\n\t\t\t\t<div class=\"col-inner\"  >\n\t\t\t\n\t\t\t\n<h1>Lukas, 5 Monate &#8211; Behandlung von abstehenden Ohren<\/h1>\n<p>Lukas&#8216; Eltern kontaktierten Sorribes Online, als sie Angst wegen der abstehenden Ohren hatten. Sie waren besorgt, ob ihr Sohn sp\u00e4ter gemobbt werden w\u00fcrde. Seine Ohren waren gro\u00df und standen weit ab.<\/p>\n<div id=\"subContent\">\n<div id=\"subTekst\">\n<p class=\"normal\">Die Fotos zeigen die Ohren vor, und nach 6 Monaten Behandlung. Beachten Sie, wie die Falte im Ohr nicht vorhanden ist. Nach nur 3 Wochen Behandlung waren bereits Ergebnisse sichtbar, und die Falte nat\u00fcrlich vorhanden.<\/p>\n<\/div>\n<\/div>\n\t\t<\/div>\n\t\t\t\t\t<\/div>\n\n\t\n<\/div>\n\t\t<\/div>\n\n\t\t\n<style>\n#section_977229198 {\n  padding-top: 60px;\n  padding-bottom: 60px;\n}\n#section_977229198 .ux-shape-divider--top svg {\n  height: 150px;\n  --divider-top-width: 100%;\n}\n#section_977229198 .ux-shape-divider--bottom svg {\n  height: 150px;\n  --divider-width: 100%;\n}\n<\/style>\n\t<\/section>\n\t\n\t<section class=\"section\" id=\"section_1366301118\">\n\t\t<div class=\"bg section-bg fill bg-fill  bg-loaded\" >\n\n\t\t\t\n\t\t\t\n\t\t\t\n\t<div class=\"is-border\"\n\t\tstyle=\"border-width:1px 0px 0px 0px;\">\n\t<\/div>\n\n\t\t<\/div>\n\n\t\t\n\n\t\t<div class=\"section-content relative\">\n\t\t\t\n<div class=\"row\"  id=\"row-993390443\">\n\n\t<div id=\"col-227054882\" class=\"col medium-6 small-12 large-6\"  >\n\t\t\t\t<div class=\"col-inner\"  >\n\t\t\t\n\t\t\t\n<h1>Nellie, 4 Jahre &#8211; Behandlung von abstehenden Ohren<\/h1>\n<p>Nellie war wegen ihrer Ohren sehr gestresst, weswegen ihre Mutter Sorribes Online kontaktierte. Nellie war nur 4 Jahre alt, aber bereits bewusst \u00fcber ihr Aussehen. Sie wollte keinen Zopf tragen, und nutzte nur Kopfb\u00e4nder.<br \/>\nSie war sehr motiviert und nutzte die Silberklammer und Streifen fast rund um die Uhr im ersten Monat. Der gewollte Effekt wurde schnell erreicht. Daraufhin begann sie, die Produkte weniger zu nutzen, was die Behandlungszeit verl\u00e4ngerte.<\/p>\n<div id=\"subContent\">\n<div id=\"subTekst\">\n<p class=\"normal\">Nach 5 Monaten war Nellies Behandlung beendet. Zu dem Zeitpunkt war des linke Ohr genau wie das rechte am Ohr positioniert. Nellies Mutter ist gl\u00fccklich das eine Operation vermieden wurde.<\/p>\n<\/div>\n<\/div>\n\t\t<\/div>\n\t\t\t\t\t<\/div>\n\n\t\n\n\t<div id=\"col-80583861\" class=\"col medium-6 small-12 large-6\"  >\n\t\t\t\t<div class=\"col-inner\"  >\n\t\t\t\n\t\t\t\n\t<div class=\"img has-hover x md-x lg-x y md-y lg-y\" id=\"image_336176576\">\n\t\t\t\t\t\t\t\t<div class=\"img-inner box-shadow-2 dark\" style=\"margin:0px 0px -20px 0px;\">\n\t\t\t<img loading=\"lazy\" decoding=\"async\" width=\"398\" height=\"182\" src=\"https:\/\/www.sorribesonline.com\/wp-content\/uploads\/2017\/11\/nellie-4years.jpg\" class=\"attachment-large size-large\" alt=\"Sorribes Online Ear Method - Correction of protuding ears\" srcset=\"https:\/\/www.sorribesonline.com\/wp-content\/uploads\/2017\/11\/nellie-4years.jpg 398w, https:\/\/www.sorribesonline.com\/wp-content\/uploads\/2017\/11\/nellie-4years-300x137.jpg 300w\" sizes=\"auto, (max-width: 398px) 100vw, 398px\" \/>\t\t\t\t\t\t\n\t\t\t\t\t<\/div>\n\t\t\t\t\t\t\t\t\n<style>\n#image_336176576 {\n  width: 100%;\n}\n<\/style>\n\t<\/div>\n\t\n\t\t<\/div>\n\t\t\t\t\t<\/div>\n\n\t\n<\/div>\n\t\t<\/div>\n\n\t\t\n<style>\n#section_1366301118 {\n  padding-top: 60px;\n  padding-bottom: 60px;\n  background-color: rgb(246, 246, 246);\n}\n#section_1366301118 .ux-shape-divider--top svg {\n  height: 150px;\n  --divider-top-width: 100%;\n}\n#section_1366301118 .ux-shape-divider--bottom svg {\n  height: 150px;\n  --divider-width: 100%;\n}\n<\/style>\n\t<\/section>\n\t\n","protected":false},"excerpt":{"rendered":"","protected":false},"author":1,"featured_media":0,"parent":0,"menu_order":0,"comment_status":"closed","ping_status":"closed","template":"page-blank.php","meta":{"footnotes":""},"class_list":["post-215","page","type-page","status-publish","hentry"],"_links":{"self":[{"href":"https:\/\/www.sorribesonline.com\/de\/wp-json\/wp\/v2\/pages\/215","targetHints":{"allow":["GET"]}}],"collection":[{"href":"https:\/\/www.sorribesonline.com\/de\/wp-json\/wp\/v2\/pages"}],"about":[{"href":"https:\/\/www.sorribesonline.com\/de\/wp-json\/wp\/v2\/types\/page"}],"author":[{"embeddable":true,"href":"https:\/\/www.sorribesonline.com\/de\/wp-json\/wp\/v2\/users\/1"}],"replies":[{"embeddable":true,"href":"https:\/\/www.sorribesonline.com\/de\/wp-json\/wp\/v2\/comments?post=215"}],"version-history":[{"count":4,"href":"https:\/\/www.sorribesonline.com\/de\/wp-json\/wp\/v2\/pages\/215\/revisions"}],"predecessor-version":[{"id":971,"href":"https:\/\/www.sorribesonline.com\/de\/wp-json\/wp\/v2\/pages\/215\/revisions\/971"}],"wp:attachment":[{"href":"https:\/\/www.sorribesonline.com\/de\/wp-json\/wp\/v2\/media?parent=215"}],"curies":[{"name":"wp","href":"https:\/\/api.w.org\/{rel}","templated":true}]}}